{"id":31,"date":"2024-09-24T12:43:58","date_gmt":"2024-09-24T10:43:58","guid":{"rendered":"https:\/\/test.quadtours.ch\/?page_id=31"},"modified":"2025-09-24T16:30:51","modified_gmt":"2025-09-24T14:30:51","slug":"start","status":"publish","type":"page","link":"https:\/\/quadtours.ch\/","title":{"rendered":"Start"},"content":{"rendered":"<h2 class=\"wp-block-heading\"><strong>Herzlich willkommen zum Quadfahren im Berner Oberland<\/strong> *<\/h2><p>Unsere Quadtouren finden in einmaliger See- und Berglandschaft statt. Wir organisieren f\u00fcr Sie Ihren Gruppenausflug mit unz\u00e4hligen kombinationsm\u00f6glichkeiten. Im weiteren bieten wir verschiedene Standardtouren f\u00fcr Einzelpersonen und Gruppen an. Das Quadfahren ist ein beliebtes Geschenk in Form eines Gutscheins. Die Touren werden w\u00e4hrend der Saison ca. Mai-Oktober t\u00e4glich professionel durchgef\u00fchrt. Terminreservation ist vorg\u00e4ngig erforderlich und in der Regel auch kurzfristig m\u00f6glich. Die Touren starten in der Regel um 9:00, 14:00 und 17:30 andere Startzeiten sind auf Anfrage m\u00f6glich.<\/p><div class=\"wp-block-image\"><figure class=\"aligncenter size-full is-resized\"><img loading=\"lazy\" decoding=\"async\" width=\"640\" height=\"480\" src=\"https:\/\/test.quadtours.ch\/wp-content\/uploads\/2024\/09\/eiger-jungfrau-quad-fahren.jpg\" alt=\"\" class=\"wp-image-32\" style=\"aspect-ratio:4\/3;object-fit:contain;width:700px\" srcset=\"https:\/\/quadtours.ch\/wp-content\/uploads\/2024\/09\/eiger-jungfrau-quad-fahren.jpg 640w, https:\/\/quadtours.ch\/wp-content\/uploads\/2024\/09\/eiger-jungfrau-quad-fahren-600x450.jpg 600w, https:\/\/quadtours.ch\/wp-content\/uploads\/2024\/09\/eiger-jungfrau-quad-fahren-300x225.jpg 300w\" sizes=\"auto, (max-width: 640px) 100vw, 640px\" \/><figcaption class=\"wp-element-caption\">Quadtour Berg<\/figcaption><\/figure><\/div><div class=\"wp-block-image\"><figure class=\"aligncenter size-full is-resized\"><img loading=\"lazy\" decoding=\"async\" width=\"800\" height=\"450\" src=\"https:\/\/test.quadtours.ch\/wp-content\/uploads\/2024\/09\/grillquad.jpg\" alt=\"\" class=\"wp-image-34\" style=\"aspect-ratio:4\/3;object-fit:contain;width:700px\" srcset=\"https:\/\/quadtours.ch\/wp-content\/uploads\/2024\/09\/grillquad.jpg 800w, https:\/\/quadtours.ch\/wp-content\/uploads\/2024\/09\/grillquad-600x338.jpg 600w, https:\/\/quadtours.ch\/wp-content\/uploads\/2024\/09\/grillquad-300x169.jpg 300w, https:\/\/quadtours.ch\/wp-content\/uploads\/2024\/09\/grillquad-768x432.jpg 768w\" sizes=\"auto, (max-width: 800px) 100vw, 800px\" \/><figcaption class=\"wp-element-caption\">Quadtour mit Grillieren<\/figcaption><\/figure><\/div><div class=\"wp-block-image\"><figure class=\"aligncenter size-full is-resized\"><img loading=\"lazy\" decoding=\"async\" width=\"640\" height=\"480\" src=\"https:\/\/test.quadtours.ch\/wp-content\/uploads\/2024\/09\/monstertrotti-twister.jpg\" alt=\"\" class=\"wp-image-45\" style=\"aspect-ratio:4\/3;object-fit:contain;width:700px\" srcset=\"https:\/\/quadtours.ch\/wp-content\/uploads\/2024\/09\/monstertrotti-twister.jpg 640w, https:\/\/quadtours.ch\/wp-content\/uploads\/2024\/09\/monstertrotti-twister-600x450.jpg 600w, https:\/\/quadtours.ch\/wp-content\/uploads\/2024\/09\/monstertrotti-twister-300x225.jpg 300w\" sizes=\"auto, (max-width: 640px) 100vw, 640px\" \/><\/figure><\/div>","protected":false},"excerpt":{"rendered":"<p>Herzlich willkommen zum Quadfahren im Berner Oberland * Unsere Quadtouren finden in einmaliger See- und Berglandschaft statt. Wir organisieren f\u00fcr Sie Ihren Gruppenausflug mit unz\u00e4hligen kombinationsm\u00f6glichkeiten. Im weiteren bieten wir verschiedene Standardtouren f\u00fcr Einzelpersonen und Gruppen an. Das Quadfahren ist ein beliebtes Geschenk in Form eines Gutscheins. Die Touren werden w\u00e4hrend der Saison ca. Mai-Oktober [&hellip;]<\/p>\n","protected":false},"author":1,"featured_media":0,"parent":0,"menu_order":0,"comment_status":"closed","ping_status":"closed","template":"","meta":{"footnotes":""},"class_list":["post-31","page","type-page","status-publish","hentry"],"_links":{"self":[{"href":"https:\/\/quadtours.ch\/index.php\/wp-json\/wp\/v2\/pages\/31","targetHints":{"allow":["GET"]}}],"collection":[{"href":"https:\/\/quadtours.ch\/index.php\/wp-json\/wp\/v2\/pages"}],"about":[{"href":"https:\/\/quadtours.ch\/index.php\/wp-json\/wp\/v2\/types\/page"}],"author":[{"embeddable":true,"href":"https:\/\/quadtours.ch\/index.php\/wp-json\/wp\/v2\/users\/1"}],"replies":[{"embeddable":true,"href":"https:\/\/quadtours.ch\/index.php\/wp-json\/wp\/v2\/comments?post=31"}],"version-history":[{"count":10,"href":"https:\/\/quadtours.ch\/index.php\/wp-json\/wp\/v2\/pages\/31\/revisions"}],"predecessor-version":[{"id":173,"href":"https:\/\/quadtours.ch\/index.php\/wp-json\/wp\/v2\/pages\/31\/revisions\/173"}],"wp:attachment":[{"href":"https:\/\/quadtours.ch\/index.php\/wp-json\/wp\/v2\/media?parent=31"}],"curies":[{"name":"wp","href":"https:\/\/api.w.org\/{rel}","templated":true}]}}